{"id":2394,"date":"2020-01-09T18:10:36","date_gmt":"2020-01-09T21:10:36","guid":{"rendered":"https:\/\/www.nex.business\/?page_id=2394"},"modified":"2020-01-09T18:14:46","modified_gmt":"2020-01-09T21:14:46","slug":"ebooks-2","status":"publish","type":"page","link":"https:\/\/www.nex.business\/en\/ebooks-2\/","title":{"rendered":"eBooks"},"content":{"rendered":"<h2>New eBook: The Digital Goods Age!<\/h2>\n<p dir=\"ltr\" style=\"margin-top: 0pt; margin-bottom: 0pt; margin-left: -2pt; color: #54595f; font-family: Montserrat, sans-serif; line-height: 1.38; text-indent: 2pt;\">The digital goods commerce is growing twice as fast as physical goods commerce, and accelerating. Soon it will dominate global commerce, driven by transformative technologies and seismic shifts in consumer behaviour. It&#8217;s already a gigantic USD 950 billion market, and even bigger opportunities are arising. We may be seeing the beginning of a new era, an age in which the commerce of digital products surpasses the commerce of physical products in value and importance: the Digital Goods Age.<\/p>\n<p>In this short read and straightforward book, Renato Cagno, a senior business development professional for digital businesses, presents facts and figures on the digital goods commerce, explores the trends that are shaping the commerce ecosystem, demonstrates some of the most successful cases so far in digital goods commerce in the world and their extraordinary numbers, and enlightens great opportunities to push this industry even further while solving the biggest challenges to fulfill the vision of such a digital goods world.<\/p>\n<p>The Digital Goods Age is coming, rapidly. Start reading now to know why digital products will disrupt commerce and get ready for the next commerce revolution.<\/p>\n\n\n<figure><iframe width=\"336\" height=\"550\" allowfullscreen=\"\" src=\"https:\/\/ler.amazon.com.br\/kp\/card?asin=B07P6DT221&amp;preview=inline&amp;linkCode=kpe&amp;ref_=cm_sw_r_kb_dp_Ar5fEbPVRTNDR\"><\/iframe><\/figure>\n","protected":false},"excerpt":{"rendered":"<p>Quick read publications and in-depth analysis on innovation, new markets, and business trends.<\/p>\n","protected":false},"author":1,"featured_media":2119,"parent":0,"menu_order":0,"comment_status":"closed","ping_status":"closed","template":"","meta":{"content-type":"","jetpack_post_was_ever_published":false,"_locale":"en_US","_original_post":"2104","footnotes":""},"class_list":["post-2394","page","type-page","status-publish","has-post-thumbnail","hentry","en-US"],"yoast_head":"<!-- This site is optimized with the Yoast SEO plugin v27.4 - https:\/\/yoast.com\/product\/yoast-seo-wordpress\/ -->\n<title>eBooks sobre Inova\u00e7\u00e3o e Tend\u00eancias de Neg\u00f3cios - NEX<\/title>\n<meta name=\"description\" content=\"eBooks sobre inova\u00e7\u00e3o, novos neg\u00f3cios e tend\u00eancias. Publica\u00e7\u00f5es de leitura r\u00e1pida e an\u00e1lises profundas. Fa\u00e7a download gratuitamente agora mesmo.\" \/>\n<meta name=\"robots\" content=\"index, follow, max-snippet:-1, max-image-preview:large, max-video-preview:-1\" \/>\n<link rel=\"canonical\" href=\"https:\/\/www.nex.business\/en\/ebooks-2\/\" \/>\n<meta property=\"og:locale\" content=\"en_US\" \/>\n<meta property=\"og:type\" content=\"article\" \/>\n<meta property=\"og:title\" content=\"eBooks sobre Inova\u00e7\u00e3o e Tend\u00eancias de Neg\u00f3cios - NEX\" \/>\n<meta property=\"og:description\" content=\"eBooks sobre inova\u00e7\u00e3o, novos neg\u00f3cios e tend\u00eancias. Publica\u00e7\u00f5es de leitura r\u00e1pida e an\u00e1lises profundas. Fa\u00e7a download gratuitamente agora mesmo.\" \/>\n<meta property=\"og:url\" content=\"https:\/\/www.nex.business\/en\/ebooks-2\/\" \/>\n<meta property=\"og:site_name\" content=\"NEX\" \/>\n<meta property=\"article:modified_time\" content=\"2020-01-09T21:14:46+00:00\" \/>\n<meta property=\"og:image\" content=\"https:\/\/i2.wp.com\/www.nex.business\/wp-content\/uploads\/2019\/03\/kendall-ruth-602587-unsplash.jpg?fit=4019%2C2848&ssl=1\" \/>\n\t<meta property=\"og:image:width\" content=\"4019\" \/>\n\t<meta property=\"og:image:height\" content=\"2848\" \/>\n\t<meta property=\"og:image:type\" content=\"image\/jpeg\" \/>\n<meta name=\"twitter:card\" content=\"summary_large_image\" \/>\n<meta name=\"twitter:label1\" content=\"Est. reading time\" \/>\n\t<meta name=\"twitter:data1\" content=\"1 minute\" \/>\n<script type=\"application\/ld+json\" class=\"yoast-schema-graph\">{\"@context\":\"https:\\\/\\\/schema.org\",\"@graph\":[{\"@type\":\"WebPage\",\"@id\":\"https:\\\/\\\/www.nex.business\\\/en\\\/ebooks-2\\\/\",\"url\":\"https:\\\/\\\/www.nex.business\\\/en\\\/ebooks-2\\\/\",\"name\":\"eBooks sobre Inova\u00e7\u00e3o e Tend\u00eancias de Neg\u00f3cios - NEX\",\"isPartOf\":{\"@id\":\"https:\\\/\\\/www.nex.business\\\/#website\"},\"primaryImageOfPage\":{\"@id\":\"https:\\\/\\\/www.nex.business\\\/en\\\/ebooks-2\\\/#primaryimage\"},\"image\":{\"@id\":\"https:\\\/\\\/www.nex.business\\\/en\\\/ebooks-2\\\/#primaryimage\"},\"thumbnailUrl\":\"https:\\\/\\\/i0.wp.com\\\/www.nex.business\\\/wp-content\\\/uploads\\\/2019\\\/03\\\/kendall-ruth-602587-unsplash.jpg?fit=4019%2C2848&ssl=1\",\"datePublished\":\"2020-01-09T21:10:36+00:00\",\"dateModified\":\"2020-01-09T21:14:46+00:00\",\"description\":\"eBooks sobre inova\u00e7\u00e3o, novos neg\u00f3cios e tend\u00eancias. Publica\u00e7\u00f5es de leitura r\u00e1pida e an\u00e1lises profundas. Fa\u00e7a download gratuitamente agora mesmo.\",\"breadcrumb\":{\"@id\":\"https:\\\/\\\/www.nex.business\\\/en\\\/ebooks-2\\\/#breadcrumb\"},\"inLanguage\":\"en-US\",\"potentialAction\":[{\"@type\":\"ReadAction\",\"target\":[\"https:\\\/\\\/www.nex.business\\\/en\\\/ebooks-2\\\/\"]}]},{\"@type\":\"ImageObject\",\"inLanguage\":\"en-US\",\"@id\":\"https:\\\/\\\/www.nex.business\\\/en\\\/ebooks-2\\\/#primaryimage\",\"url\":\"https:\\\/\\\/i0.wp.com\\\/www.nex.business\\\/wp-content\\\/uploads\\\/2019\\\/03\\\/kendall-ruth-602587-unsplash.jpg?fit=4019%2C2848&ssl=1\",\"contentUrl\":\"https:\\\/\\\/i0.wp.com\\\/www.nex.business\\\/wp-content\\\/uploads\\\/2019\\\/03\\\/kendall-ruth-602587-unsplash.jpg?fit=4019%2C2848&ssl=1\",\"width\":4019,\"height\":2848,\"caption\":\"Foto por Kendall Ruth\\\/Unsplash\"},{\"@type\":\"BreadcrumbList\",\"@id\":\"https:\\\/\\\/www.nex.business\\\/en\\\/ebooks-2\\\/#breadcrumb\",\"itemListElement\":[{\"@type\":\"ListItem\",\"position\":1,\"name\":\"In\u00edcio\",\"item\":\"https:\\\/\\\/www.nex.business\\\/en\\\/\"},{\"@type\":\"ListItem\",\"position\":2,\"name\":\"eBooks\"}]},{\"@type\":\"WebSite\",\"@id\":\"https:\\\/\\\/www.nex.business\\\/#website\",\"url\":\"https:\\\/\\\/www.nex.business\\\/\",\"name\":\"NEX - Consultoria de Inova\u00e7\u00e3o e Desenvolvimento de Neg\u00f3cios\",\"description\":\"Consultoria de Inova\u00e7\u00e3o e Desenvolvimento de Neg\u00f3cios\",\"publisher\":{\"@id\":\"https:\\\/\\\/www.nex.business\\\/#organization\"},\"potentialAction\":[{\"@type\":\"SearchAction\",\"target\":{\"@type\":\"EntryPoint\",\"urlTemplate\":\"https:\\\/\\\/www.nex.business\\\/?s={search_term_string}\"},\"query-input\":{\"@type\":\"PropertyValueSpecification\",\"valueRequired\":true,\"valueName\":\"search_term_string\"}}],\"inLanguage\":\"en-US\"},{\"@type\":\"Organization\",\"@id\":\"https:\\\/\\\/www.nex.business\\\/#organization\",\"name\":\"NEX\",\"url\":\"https:\\\/\\\/www.nex.business\\\/\",\"logo\":{\"@type\":\"ImageObject\",\"inLanguage\":\"en-US\",\"@id\":\"https:\\\/\\\/www.nex.business\\\/#\\\/schema\\\/logo\\\/image\\\/\",\"url\":\"https:\\\/\\\/i1.wp.com\\\/www.nex.business\\\/wp-content\\\/uploads\\\/2018\\\/09\\\/Logo-NEX-2-PNG-e1537109276727.png?fit=249%2C87&ssl=1\",\"contentUrl\":\"https:\\\/\\\/i1.wp.com\\\/www.nex.business\\\/wp-content\\\/uploads\\\/2018\\\/09\\\/Logo-NEX-2-PNG-e1537109276727.png?fit=249%2C87&ssl=1\",\"width\":249,\"height\":87,\"caption\":\"NEX\"},\"image\":{\"@id\":\"https:\\\/\\\/www.nex.business\\\/#\\\/schema\\\/logo\\\/image\\\/\"}}]}<\/script>\n<!-- \/ Yoast SEO plugin. -->","yoast_head_json":{"title":"eBooks sobre Inova\u00e7\u00e3o e Tend\u00eancias de Neg\u00f3cios - NEX","description":"eBooks sobre inova\u00e7\u00e3o, novos neg\u00f3cios e tend\u00eancias. Publica\u00e7\u00f5es de leitura r\u00e1pida e an\u00e1lises profundas. Fa\u00e7a download gratuitamente agora mesmo.","robots":{"index":"index","follow":"follow","max-snippet":"max-snippet:-1","max-image-preview":"max-image-preview:large","max-video-preview":"max-video-preview:-1"},"canonical":"https:\/\/www.nex.business\/en\/ebooks-2\/","og_locale":"en_US","og_type":"article","og_title":"eBooks sobre Inova\u00e7\u00e3o e Tend\u00eancias de Neg\u00f3cios - NEX","og_description":"eBooks sobre inova\u00e7\u00e3o, novos neg\u00f3cios e tend\u00eancias. Publica\u00e7\u00f5es de leitura r\u00e1pida e an\u00e1lises profundas. Fa\u00e7a download gratuitamente agora mesmo.","og_url":"https:\/\/www.nex.business\/en\/ebooks-2\/","og_site_name":"NEX","article_modified_time":"2020-01-09T21:14:46+00:00","og_image":[{"width":4019,"height":2848,"url":"https:\/\/i2.wp.com\/www.nex.business\/wp-content\/uploads\/2019\/03\/kendall-ruth-602587-unsplash.jpg?fit=4019%2C2848&ssl=1","type":"image\/jpeg"}],"twitter_card":"summary_large_image","twitter_misc":{"Est. reading time":"1 minute"},"schema":{"@context":"https:\/\/schema.org","@graph":[{"@type":"WebPage","@id":"https:\/\/www.nex.business\/en\/ebooks-2\/","url":"https:\/\/www.nex.business\/en\/ebooks-2\/","name":"eBooks sobre Inova\u00e7\u00e3o e Tend\u00eancias de Neg\u00f3cios - NEX","isPartOf":{"@id":"https:\/\/www.nex.business\/#website"},"primaryImageOfPage":{"@id":"https:\/\/www.nex.business\/en\/ebooks-2\/#primaryimage"},"image":{"@id":"https:\/\/www.nex.business\/en\/ebooks-2\/#primaryimage"},"thumbnailUrl":"https:\/\/i0.wp.com\/www.nex.business\/wp-content\/uploads\/2019\/03\/kendall-ruth-602587-unsplash.jpg?fit=4019%2C2848&ssl=1","datePublished":"2020-01-09T21:10:36+00:00","dateModified":"2020-01-09T21:14:46+00:00","description":"eBooks sobre inova\u00e7\u00e3o, novos neg\u00f3cios e tend\u00eancias. Publica\u00e7\u00f5es de leitura r\u00e1pida e an\u00e1lises profundas. Fa\u00e7a download gratuitamente agora mesmo.","breadcrumb":{"@id":"https:\/\/www.nex.business\/en\/ebooks-2\/#breadcrumb"},"inLanguage":"en-US","potentialAction":[{"@type":"ReadAction","target":["https:\/\/www.nex.business\/en\/ebooks-2\/"]}]},{"@type":"ImageObject","inLanguage":"en-US","@id":"https:\/\/www.nex.business\/en\/ebooks-2\/#primaryimage","url":"https:\/\/i0.wp.com\/www.nex.business\/wp-content\/uploads\/2019\/03\/kendall-ruth-602587-unsplash.jpg?fit=4019%2C2848&ssl=1","contentUrl":"https:\/\/i0.wp.com\/www.nex.business\/wp-content\/uploads\/2019\/03\/kendall-ruth-602587-unsplash.jpg?fit=4019%2C2848&ssl=1","width":4019,"height":2848,"caption":"Foto por Kendall Ruth\/Unsplash"},{"@type":"BreadcrumbList","@id":"https:\/\/www.nex.business\/en\/ebooks-2\/#breadcrumb","itemListElement":[{"@type":"ListItem","position":1,"name":"In\u00edcio","item":"https:\/\/www.nex.business\/en\/"},{"@type":"ListItem","position":2,"name":"eBooks"}]},{"@type":"WebSite","@id":"https:\/\/www.nex.business\/#website","url":"https:\/\/www.nex.business\/","name":"NEX - Consultoria de Inova\u00e7\u00e3o e Desenvolvimento de Neg\u00f3cios","description":"Consultoria de Inova\u00e7\u00e3o e Desenvolvimento de Neg\u00f3cios","publisher":{"@id":"https:\/\/www.nex.business\/#organization"},"potentialAction":[{"@type":"SearchAction","target":{"@type":"EntryPoint","urlTemplate":"https:\/\/www.nex.business\/?s={search_term_string}"},"query-input":{"@type":"PropertyValueSpecification","valueRequired":true,"valueName":"search_term_string"}}],"inLanguage":"en-US"},{"@type":"Organization","@id":"https:\/\/www.nex.business\/#organization","name":"NEX","url":"https:\/\/www.nex.business\/","logo":{"@type":"ImageObject","inLanguage":"en-US","@id":"https:\/\/www.nex.business\/#\/schema\/logo\/image\/","url":"https:\/\/i1.wp.com\/www.nex.business\/wp-content\/uploads\/2018\/09\/Logo-NEX-2-PNG-e1537109276727.png?fit=249%2C87&ssl=1","contentUrl":"https:\/\/i1.wp.com\/www.nex.business\/wp-content\/uploads\/2018\/09\/Logo-NEX-2-PNG-e1537109276727.png?fit=249%2C87&ssl=1","width":249,"height":87,"caption":"NEX"},"image":{"@id":"https:\/\/www.nex.business\/#\/schema\/logo\/image\/"}}]}},"jetpack_sharing_enabled":true,"jetpack-related-posts":[{"id":2148,"url":"https:\/\/www.nex.business\/the-digital-goods-age\/","url_meta":{"origin":2394,"position":0},"title":"The Digital Goods Age","author":"Renato Cagno","date":"14 de March de 2019","format":false,"excerpt":"The Digital Goods Age Why Digital Products Will Disrupt Commerce The digital goods commerce is growing twice as fast as physical goods commerce, and accelerating. Soon it will dominate global commerce, driven by exponential technologies and seismic shifts in consumer behaviour. It's already a gigantic USD 950 billion market, and\u2026","rel":"","context":"Similar post","block_context":{"text":"Similar post","link":""},"img":{"alt_text":"","src":"https:\/\/i0.wp.com\/www.nex.business\/wp-content\/uploads\/2019\/03\/The-Digital-Goods-Age_Matrix_PostCover2.jpeg?fit=1200%2C931&ssl=1&resize=350%2C200","width":350,"height":200,"srcset":"https:\/\/i0.wp.com\/www.nex.business\/wp-content\/uploads\/2019\/03\/The-Digital-Goods-Age_Matrix_PostCover2.jpeg?fit=1200%2C931&ssl=1&resize=350%2C200 1x, https:\/\/i0.wp.com\/www.nex.business\/wp-content\/uploads\/2019\/03\/The-Digital-Goods-Age_Matrix_PostCover2.jpeg?fit=1200%2C931&ssl=1&resize=525%2C300 1.5x, https:\/\/i0.wp.com\/www.nex.business\/wp-content\/uploads\/2019\/03\/The-Digital-Goods-Age_Matrix_PostCover2.jpeg?fit=1200%2C931&ssl=1&resize=700%2C400 2x, https:\/\/i0.wp.com\/www.nex.business\/wp-content\/uploads\/2019\/03\/The-Digital-Goods-Age_Matrix_PostCover2.jpeg?fit=1200%2C931&ssl=1&resize=1050%2C600 3x"},"classes":[]},{"id":2215,"url":"https:\/\/www.nex.business\/","url_meta":{"origin":2394,"position":1},"title":"We help your business succeed in the digital economy","author":"Renato Cagno","date":"10 de April de 2019","format":false,"excerpt":"We prepare your company to grow exponentially We are an innovation consulting firm specializing in business development for the digital economy. We help your company... Take advantage of the immense business opportunities (and defend against the threats) that are emergingDevelop products and services that generate more value for your customersInnovate\u2026","rel":"","context":"Similar post","block_context":{"text":"Similar post","link":""},"img":{"alt_text":"","src":"https:\/\/i0.wp.com\/www.nex.business\/wp-content\/uploads\/2018\/09\/chantal-ole-669105-unsplash.jpg?fit=1200%2C800&ssl=1&resize=350%2C200","width":350,"height":200,"srcset":"https:\/\/i0.wp.com\/www.nex.business\/wp-content\/uploads\/2018\/09\/chantal-ole-669105-unsplash.jpg?fit=1200%2C800&ssl=1&resize=350%2C200 1x, https:\/\/i0.wp.com\/www.nex.business\/wp-content\/uploads\/2018\/09\/chantal-ole-669105-unsplash.jpg?fit=1200%2C800&ssl=1&resize=525%2C300 1.5x, https:\/\/i0.wp.com\/www.nex.business\/wp-content\/uploads\/2018\/09\/chantal-ole-669105-unsplash.jpg?fit=1200%2C800&ssl=1&resize=700%2C400 2x, https:\/\/i0.wp.com\/www.nex.business\/wp-content\/uploads\/2018\/09\/chantal-ole-669105-unsplash.jpg?fit=1200%2C800&ssl=1&resize=1050%2C600 3x"},"classes":[]},{"id":19,"url":"https:\/\/www.nex.business\/","url_meta":{"origin":2394,"position":2},"title":"Ajudamos sua empresa a ter sucesso na economia digital","author":"Renato Cagno","date":"10 de September de 2018","format":false,"excerpt":"Preparamos sua empresa para crescer exponencialmente Somos uma consultoria de inova\u00e7\u00e3o especializada em desenvolvimento de neg\u00f3cios para a economia digital. Como aproveitar as imensas oportunidades de neg\u00f3cio (e se defender das amea\u00e7as) que est\u00e3o surgindo? Como desenvolver produtos e servi\u00e7os que gerem mais valor para os clientes? Como inovar r\u00e1pida\u2026","rel":"","context":"Similar post","block_context":{"text":"Similar post","link":""},"img":{"alt_text":"","src":"https:\/\/i0.wp.com\/www.nex.business\/wp-content\/uploads\/2018\/09\/chantal-ole-669105-unsplash.jpg?fit=1200%2C800&ssl=1&resize=350%2C200","width":350,"height":200,"srcset":"https:\/\/i0.wp.com\/www.nex.business\/wp-content\/uploads\/2018\/09\/chantal-ole-669105-unsplash.jpg?fit=1200%2C800&ssl=1&resize=350%2C200 1x, https:\/\/i0.wp.com\/www.nex.business\/wp-content\/uploads\/2018\/09\/chantal-ole-669105-unsplash.jpg?fit=1200%2C800&ssl=1&resize=525%2C300 1.5x, https:\/\/i0.wp.com\/www.nex.business\/wp-content\/uploads\/2018\/09\/chantal-ole-669105-unsplash.jpg?fit=1200%2C800&ssl=1&resize=700%2C400 2x, https:\/\/i0.wp.com\/www.nex.business\/wp-content\/uploads\/2018\/09\/chantal-ole-669105-unsplash.jpg?fit=1200%2C800&ssl=1&resize=1050%2C600 3x"},"classes":[]},{"id":21,"url":"https:\/\/www.nex.business\/insights\/","url_meta":{"origin":2394,"position":3},"title":"The Daybreak","author":"Renato Cagno","date":"10 de September de 2018","format":false,"excerpt":"","rel":"","context":"Similar post","block_context":{"text":"Similar post","link":""},"img":{"alt_text":"Um novo dia na Terra","src":"https:\/\/i0.wp.com\/www.nex.business\/wp-content\/uploads\/2019\/01\/thedaybreak.jpg?fit=1200%2C675&ssl=1&resize=350%2C200","width":350,"height":200,"srcset":"https:\/\/i0.wp.com\/www.nex.business\/wp-content\/uploads\/2019\/01\/thedaybreak.jpg?fit=1200%2C675&ssl=1&resize=350%2C200 1x, https:\/\/i0.wp.com\/www.nex.business\/wp-content\/uploads\/2019\/01\/thedaybreak.jpg?fit=1200%2C675&ssl=1&resize=525%2C300 1.5x, https:\/\/i0.wp.com\/www.nex.business\/wp-content\/uploads\/2019\/01\/thedaybreak.jpg?fit=1200%2C675&ssl=1&resize=700%2C400 2x, https:\/\/i0.wp.com\/www.nex.business\/wp-content\/uploads\/2019\/01\/thedaybreak.jpg?fit=1200%2C675&ssl=1&resize=1050%2C600 3x"},"classes":[]},{"id":2209,"url":"https:\/\/www.nex.business\/en\/insights\/","url_meta":{"origin":2394,"position":4},"title":"The Daybreak","author":"Renato Cagno","date":"9 de April de 2019","format":false,"excerpt":"","rel":"","context":"Similar post","block_context":{"text":"Similar post","link":""},"img":{"alt_text":"Um novo dia na Terra","src":"https:\/\/i0.wp.com\/www.nex.business\/wp-content\/uploads\/2019\/01\/thedaybreak.jpg?fit=1200%2C675&ssl=1&resize=350%2C200","width":350,"height":200,"srcset":"https:\/\/i0.wp.com\/www.nex.business\/wp-content\/uploads\/2019\/01\/thedaybreak.jpg?fit=1200%2C675&ssl=1&resize=350%2C200 1x, https:\/\/i0.wp.com\/www.nex.business\/wp-content\/uploads\/2019\/01\/thedaybreak.jpg?fit=1200%2C675&ssl=1&resize=525%2C300 1.5x, https:\/\/i0.wp.com\/www.nex.business\/wp-content\/uploads\/2019\/01\/thedaybreak.jpg?fit=1200%2C675&ssl=1&resize=700%2C400 2x, https:\/\/i0.wp.com\/www.nex.business\/wp-content\/uploads\/2019\/01\/thedaybreak.jpg?fit=1200%2C675&ssl=1&resize=1050%2C600 3x"},"classes":[]}],"jetpack_likes_enabled":true,"jetpack_shortlink":"https:\/\/wp.me\/PavR2H-CC","_links":{"self":[{"href":"https:\/\/www.nex.business\/wp-json\/wp\/v2\/pages\/2394","targetHints":{"allow":["GET"]}}],"collection":[{"href":"https:\/\/www.nex.business\/wp-json\/wp\/v2\/pages"}],"about":[{"href":"https:\/\/www.nex.business\/wp-json\/wp\/v2\/types\/page"}],"author":[{"embeddable":true,"href":"https:\/\/www.nex.business\/wp-json\/wp\/v2\/users\/1"}],"replies":[{"embeddable":true,"href":"https:\/\/www.nex.business\/wp-json\/wp\/v2\/comments?post=2394"}],"version-history":[{"count":2,"href":"https:\/\/www.nex.business\/wp-json\/wp\/v2\/pages\/2394\/revisions"}],"predecessor-version":[{"id":2398,"href":"https:\/\/www.nex.business\/wp-json\/wp\/v2\/pages\/2394\/revisions\/2398"}],"wp:featuredmedia":[{"embeddable":true,"href":"https:\/\/www.nex.business\/wp-json\/wp\/v2\/media\/2119"}],"wp:attachment":[{"href":"https:\/\/www.nex.business\/wp-json\/wp\/v2\/media?parent=2394"}],"curies":[{"name":"wp","href":"https:\/\/api.w.org\/{rel}","templated":true}]}}